{"id":3,"date":"2025-11-18T15:13:28","date_gmt":"2025-11-18T15:13:28","guid":{"rendered":"http:\/\/longanis.re\/?page_id=3"},"modified":"2025-11-20T17:43:54","modified_gmt":"2025-11-20T13:43:54","slug":"contact","status":"publish","type":"page","link":"https:\/\/longanis.re\/index.php\/contact\/","title":{"rendered":"Nous contacter"},"content":{"rendered":"\n<h2 class=\"wp-block-heading\">Par t\u00e9l\u00e9phone : <\/h2>\n\n\n\n<p>0692 60 66 20<\/p>\n\n\n\n<h2 class=\"wp-block-heading\">Notre adresse : <\/h2>\n\n\n\n<p>Nous sommes situ\u00e9 en ville du Tampon a proximit\u00e9 du lyc\u00e9e Rolland Garros et de la Poste. <\/p>\n\n\n\n<p>85 rue Mikael Gorbatchev, Ile de la r\u00e9union, Le Tampon 97430, La R\u00e9union<\/p>\n\n\n\n<p>Un parking est a votre disposition.<\/p>\n\n\n\n<div class=\"wp-block-gmap-gmap-block gmap-block-gw81n0g7\"><iframe src=\"https:\/\/maps.google.com\/maps?q=Les+Longanis&amp;z=10&amp;t=k&amp;output=embed\" class=\"embd-map\" title=\"Les Longanis\"><\/iframe><\/div>\n\n\n\n<p><\/p>\n","protected":false},"excerpt":{"rendered":"<p>Par t\u00e9l\u00e9phone : 0692 60 66 20 Notre adresse : Nous sommes situ\u00e9 en ville du Tampon a proximit\u00e9 du lyc\u00e9e Rolland Garros et de la Poste. 85 rue Mikael Gorbatchev, Ile de la r\u00e9union, Le Tampon 97430, La R\u00e9union Un parking est a votre disposition.<\/p>\n","protected":false},"author":1,"featured_media":0,"parent":0,"menu_order":0,"comment_status":"closed","ping_status":"closed","template":"","meta":{"footnotes":""},"class_list":["post-3","page","type-page","status-publish","hentry"],"_links":{"self":[{"href":"https:\/\/longanis.re\/index.php\/wp-json\/wp\/v2\/pages\/3","targetHints":{"allow":["GET"]}}],"collection":[{"href":"https:\/\/longanis.re\/index.php\/wp-json\/wp\/v2\/pages"}],"about":[{"href":"https:\/\/longanis.re\/index.php\/wp-json\/wp\/v2\/types\/page"}],"author":[{"embeddable":true,"href":"https:\/\/longanis.re\/index.php\/wp-json\/wp\/v2\/users\/1"}],"replies":[{"embeddable":true,"href":"https:\/\/longanis.re\/index.php\/wp-json\/wp\/v2\/comments?post=3"}],"version-history":[{"count":5,"href":"https:\/\/longanis.re\/index.php\/wp-json\/wp\/v2\/pages\/3\/revisions"}],"predecessor-version":[{"id":83,"href":"https:\/\/longanis.re\/index.php\/wp-json\/wp\/v2\/pages\/3\/revisions\/83"}],"wp:attachment":[{"href":"https:\/\/longanis.re\/index.php\/wp-json\/wp\/v2\/media?parent=3"}],"curies":[{"name":"wp","href":"https:\/\/api.w.org\/{rel}","templated":true}]}}